{"id":3495,"date":"2020-02-07T02:16:59","date_gmt":"2020-02-07T02:16:59","guid":{"rendered":"https:\/\/demo.casethemes.net\/consultio-corporate2\/?page_id=3495"},"modified":"2026-02-02T06:00:22","modified_gmt":"2026-02-02T06:00:22","slug":"about-v-4","status":"publish","type":"page","link":"https:\/\/mtfmyagency.com\/index.php\/about-v-4\/","title":{"rendered":"About Us"},"content":{"rendered":"\t\t<div data-elementor-type=\"wp-page\" data-elementor-id=\"3495\" class=\"elementor elementor-3495\" data-elementor-post-type=\"page\">\n\t\t\t\t        <section class=\"elementor-section elementor-top-section elementor-element elementor-element-f902a98 elementor-section-full_width elementor-section-stretched elementor-section-height-default elementor-section-height-default ct-header-fixed-none ct-row-max-none\" data-id=\"f902a98\" data-element_type=\"section\" data-e-type=\"section\" data-settings=\"{&quot;stretch_section&quot;:&quot;section-stretched&quot;}\">\n            \n                        <div class=\"elementor-container elementor-column-gap-no \">\n                    <div class=\"elementor-column elementor-col-100 elementor-top-column elementor-element elementor-element-d4c11c8\" data-id=\"d4c11c8\" data-element_type=\"column\" data-e-type=\"column\">\n        <div class=\"elementor-widget-wrap elementor-element-populated\">\n                    \n        \t\t<div class=\"elementor-element elementor-element-072e738 elementor-widget elementor-widget-image-carousel\" data-id=\"072e738\" data-element_type=\"widget\" data-e-type=\"widget\" data-settings=\"{&quot;slides_to_show&quot;:&quot;1&quot;,&quot;navigation&quot;:&quot;none&quot;,&quot;autoplay&quot;:&quot;yes&quot;,&quot;pause_on_hover&quot;:&quot;yes&quot;,&quot;pause_on_interaction&quot;:&quot;yes&quot;,&quot;autoplay_speed&quot;:5000,&quot;infinite&quot;:&quot;yes&quot;,&quot;effect&quot;:&quot;slide&quot;,&quot;speed&quot;:500}\" data-widget_type=\"image-carousel.default\">\n\t\t\t\t<div class=\"elementor-widget-container\">\n\t\t\t\t\t\t\t<div class=\"elementor-image-carousel-wrapper swiper\" role=\"region\" aria-roledescription=\"carousel\" aria-label=\"Image Carousel\" dir=\"ltr\">\n\t\t\t<div class=\"elementor-image-carousel swiper-wrapper swiper-image-stretch\" aria-live=\"off\">\n\t\t\t\t\t\t\t\t<div class=\"swiper-slide\" role=\"group\" aria-roledescription=\"slide\" aria-label=\"1 of 1\"><figure class=\"swiper-slide-inner\"><img decoding=\"async\" class=\"swiper-slide-image\" src=\"https:\/\/mtfmyagency.com\/wp-content\/uploads\/2026\/01\/5FC1E025-8D38-4626-B3AF-A62F9DF99B2A-scaled.jpeg\" alt=\"5FC1E025-8D38-4626-B3AF-A62F9DF99B2A\" \/><\/figure><\/div>\t\t\t<\/div>\n\t\t\t\t\t<\/div>\n\t\t\t\t\t\t<\/div>\n\t\t\t\t<\/div>\n\t\t            <\/div>\n        <\/div>\n                    <\/div>\n        <\/section>\n                <section class=\"elementor-section elementor-top-section elementor-element elementor-element-a8bf924 elementor-section-boxed elementor-section-height-default elementor-section-height-default ct-header-fixed-none ct-row-max-none\" data-id=\"a8bf924\" data-element_type=\"section\" data-e-type=\"section\">\n            \n                        <div class=\"elementor-container elementor-column-gap-default \">\n                    <div class=\"elementor-column elementor-col-50 elementor-top-column elementor-element elementor-element-550ac6e elementor-invisible\" data-id=\"550ac6e\" data-element_type=\"column\" data-e-type=\"column\" data-settings=\"{&quot;background_background&quot;:&quot;classic&quot;,&quot;animation&quot;:&quot;fadeInRight&quot;}\">\n        <div class=\"elementor-widget-wrap elementor-element-populated\">\n                    \n        \t\t<div class=\"elementor-element elementor-element-53ab7d6 elementor-widget elementor-widget-ct_text_editor\" data-id=\"53ab7d6\" data-element_type=\"widget\" data-e-type=\"widget\" data-widget_type=\"ct_text_editor.default\">\n\t\t\t\t<div class=\"elementor-widget-container\">\n\t\t\t\t\t<div id=\"ct_text_editor-53ab7d6\" class=\"ct-text-editor \" data-wow-delay=\"ms\">\n\t<div class=\"ct-inline-css\"  data-css=\"\n        \t\t\">\n\n    <\/div>\n\t<div class=\"ct-text-editor elementor-clearfix\">\n\t\t<p data-start=\"225\" data-end=\"540\"><strong data-start=\"225\" data-end=\"239\">MTF Agency<\/strong> est une agence cr\u00e9ative et strat\u00e9gique sp\u00e9cialis\u00e9e dans la <strong data-start=\"299\" data-end=\"324\">communication globale<\/strong>, l\u2019<strong data-start=\"328\" data-end=\"347\">image de marque<\/strong> et le <strong data-start=\"354\" data-end=\"419\">d\u00e9veloppement de projets \u00e0 fort impact culturel et m\u00e9diatique<\/strong>. Nous accompagnons les marques, institutions et talents dans la construction d\u2019identit\u00e9s fortes, coh\u00e9rentes et durables.<\/p><p data-start=\"542\" data-end=\"924\">De la <strong data-start=\"548\" data-end=\"580\">cr\u00e9ation d\u2019identit\u00e9 visuelle<\/strong> \u00e0 la <strong data-start=\"586\" data-end=\"629\">strat\u00e9gie de communication et marketing<\/strong>, nous concevons des univers de marque qui racontent une histoire, portent du sens et cr\u00e9ent de la connexion. Notre expertise en <strong data-start=\"758\" data-end=\"815\">communication digitale et gestion des r\u00e9seaux sociaux<\/strong> nous permet de renforcer la visibilit\u00e9, l\u2019engagement et l\u2019influence de nos clients sur les plateformes cl\u00e9s.<\/p><p data-start=\"926\" data-end=\"1192\">MTF Agency intervient \u00e9galement en <strong data-start=\"961\" data-end=\"984\">relations publiques<\/strong>, en d\u00e9veloppant des strat\u00e9gies de notori\u00e9t\u00e9 et d\u2019influence adapt\u00e9es \u00e0 chaque cible, ainsi qu\u2019en <strong data-start=\"1081\" data-end=\"1118\">\u00e9v\u00e9nementiel et projets culturels<\/strong>, o\u00f9 cr\u00e9ativit\u00e9, storytelling et exp\u00e9rience prennent toute leur dimension.<\/p>\t\t\n\t<\/div>\n<\/div>\t\t\t\t<\/div>\n\t\t\t\t<\/div>\n\t\t            <\/div>\n        <\/div>\n                <div class=\"elementor-column elementor-col-50 elementor-top-column elementor-element elementor-element-050c535\" data-id=\"050c535\" data-element_type=\"column\" data-e-type=\"column\">\n        <div class=\"elementor-widget-wrap elementor-element-populated\">\n                    \n        \t\t<div class=\"elementor-element elementor-element-d11c4bb elementor-widget elementor-widget-image\" data-id=\"d11c4bb\" data-element_type=\"widget\" data-e-type=\"widget\" data-widget_type=\"image.default\">\n\t\t\t\t<div class=\"elementor-widget-container\">\n\t\t\t\t\t\t\t\t\t\t\t\t\t\t\t<img fetchpriority=\"high\" decoding=\"async\" width=\"640\" height=\"427\" src=\"https:\/\/mtfmyagency.com\/wp-content\/uploads\/2026\/01\/06E1C6D3-1EC9-4A71-9797-0FAE0AE90C01-1024x683.jpeg\" class=\"attachment-large size-large wp-image-5997\" alt=\"\" srcset=\"https:\/\/mtfmyagency.com\/wp-content\/uploads\/2026\/01\/06E1C6D3-1EC9-4A71-9797-0FAE0AE90C01-1024x683.jpeg 1024w, https:\/\/mtfmyagency.com\/wp-content\/uploads\/2026\/01\/06E1C6D3-1EC9-4A71-9797-0FAE0AE90C01-300x200.jpeg 300w, https:\/\/mtfmyagency.com\/wp-content\/uploads\/2026\/01\/06E1C6D3-1EC9-4A71-9797-0FAE0AE90C01-768x512.jpeg 768w, https:\/\/mtfmyagency.com\/wp-content\/uploads\/2026\/01\/06E1C6D3-1EC9-4A71-9797-0FAE0AE90C01-1536x1024.jpeg 1536w, https:\/\/mtfmyagency.com\/wp-content\/uploads\/2026\/01\/06E1C6D3-1EC9-4A71-9797-0FAE0AE90C01-2048x1365.jpeg 2048w\" sizes=\"(max-width: 640px) 100vw, 640px\" \/>\t\t\t\t\t\t\t\t\t\t\t\t\t\t\t<\/div>\n\t\t\t\t<\/div>\n\t\t            <\/div>\n        <\/div>\n                    <\/div>\n        <\/section>\n        \t\t<\/div>\n\t\t","protected":false},"excerpt":{"rendered":"<p>MTF Agency est une agence cr\u00e9ative et strat\u00e9gique sp\u00e9cialis\u00e9e dans la communication globale, l\u2019image de marque et le d\u00e9veloppement de projets \u00e0 fort impact culturel et m\u00e9diatique. Nous accompagnons les marques, institutions et talents dans la construction d\u2019identit\u00e9s fortes, coh\u00e9rentes et durables. De la cr\u00e9ation d\u2019identit\u00e9 visuelle \u00e0 la strat\u00e9gie de communication et marketing, nous [&hellip;]<\/p>\n","protected":false},"author":2,"featured_media":0,"parent":0,"menu_order":0,"comment_status":"closed","ping_status":"closed","template":"","meta":{"footnotes":""},"class_list":["post-3495","page","type-page","status-publish","hentry"],"_links":{"self":[{"href":"https:\/\/mtfmyagency.com\/index.php\/wp-json\/wp\/v2\/pages\/3495","targetHints":{"allow":["GET"]}}],"collection":[{"href":"https:\/\/mtfmyagency.com\/index.php\/wp-json\/wp\/v2\/pages"}],"about":[{"href":"https:\/\/mtfmyagency.com\/index.php\/wp-json\/wp\/v2\/types\/page"}],"author":[{"embeddable":true,"href":"https:\/\/mtfmyagency.com\/index.php\/wp-json\/wp\/v2\/users\/2"}],"replies":[{"embeddable":true,"href":"https:\/\/mtfmyagency.com\/index.php\/wp-json\/wp\/v2\/comments?post=3495"}],"version-history":[{"count":13,"href":"https:\/\/mtfmyagency.com\/index.php\/wp-json\/wp\/v2\/pages\/3495\/revisions"}],"predecessor-version":[{"id":6115,"href":"https:\/\/mtfmyagency.com\/index.php\/wp-json\/wp\/v2\/pages\/3495\/revisions\/6115"}],"wp:attachment":[{"href":"https:\/\/mtfmyagency.com\/index.php\/wp-json\/wp\/v2\/media?parent=3495"}],"curies":[{"name":"wp","href":"https:\/\/api.w.org\/{rel}","templated":true}]}}