{"id":409,"date":"2019-11-11T08:37:45","date_gmt":"2019-11-11T08:37:45","guid":{"rendered":"https:\/\/demo.casethemes.net\/consultio-corporate2\/?page_id=409"},"modified":"2026-02-01T02:29:45","modified_gmt":"2026-02-01T02:29:45","slug":"services-v-2","status":"publish","type":"page","link":"https:\/\/mtfmyagency.com\/index.php\/services-v-2\/","title":{"rendered":"Nos prestations"},"content":{"rendered":"\t\t<div data-elementor-type=\"wp-page\" data-elementor-id=\"409\" class=\"elementor elementor-409\" data-elementor-post-type=\"page\">\n\t\t\t\t        <section class=\"elementor-section elementor-top-section elementor-element elementor-element-5b4e3c7 elementor-section-stretched elementor-section-boxed elementor-section-height-default elementor-section-height-default ct-header-fixed-none ct-row-max-none\" data-id=\"5b4e3c7\" data-element_type=\"section\" data-e-type=\"section\" data-settings=\"{&quot;stretch_section&quot;:&quot;section-stretched&quot;,&quot;background_background&quot;:&quot;classic&quot;}\">\n            \n                        <div class=\"elementor-container elementor-column-gap-narrow \">\n                    <div class=\"elementor-column elementor-col-33 elementor-top-column elementor-element elementor-element-f22d4bf elementor-invisible\" data-id=\"f22d4bf\" data-element_type=\"column\" data-e-type=\"column\" data-settings=\"{&quot;animation&quot;:&quot;zoomIn&quot;,&quot;background_background&quot;:&quot;classic&quot;}\">\n        <div class=\"elementor-widget-wrap elementor-element-populated\">\n                    \n        \t\t<div class=\"elementor-element elementor-element-78994da elementor-widget elementor-widget-image\" data-id=\"78994da\" data-element_type=\"widget\" data-e-type=\"widget\" data-widget_type=\"image.default\">\n\t\t\t\t<div class=\"elementor-widget-container\">\n\t\t\t\t\t\t\t\t\t\t\t\t\t\t\t<img fetchpriority=\"high\" decoding=\"async\" width=\"640\" height=\"347\" src=\"https:\/\/mtfmyagency.com\/wp-content\/uploads\/2026\/01\/a35646173780121.64a7c6fa15a68-1024x555.jpg\" class=\"attachment-large size-large wp-image-5962\" alt=\"\" srcset=\"https:\/\/mtfmyagency.com\/wp-content\/uploads\/2026\/01\/a35646173780121.64a7c6fa15a68-1024x555.jpg 1024w, https:\/\/mtfmyagency.com\/wp-content\/uploads\/2026\/01\/a35646173780121.64a7c6fa15a68-300x163.jpg 300w, https:\/\/mtfmyagency.com\/wp-content\/uploads\/2026\/01\/a35646173780121.64a7c6fa15a68-768x416.jpg 768w, https:\/\/mtfmyagency.com\/wp-content\/uploads\/2026\/01\/a35646173780121.64a7c6fa15a68.jpg 1200w\" sizes=\"(max-width: 640px) 100vw, 640px\" \/>\t\t\t\t\t\t\t\t\t\t\t\t\t\t\t<\/div>\n\t\t\t\t<\/div>\n\t\t\t\t<div class=\"elementor-element elementor-element-33fe2d7 elementor-widget elementor-widget-ct_heading\" data-id=\"33fe2d7\" data-element_type=\"widget\" data-e-type=\"widget\" data-widget_type=\"ct_heading.default\">\n\t\t\t\t<div class=\"elementor-widget-container\">\n\t\t\t\t\t<div class=\"ct-heading h-align-center  sub-style1 ct-heading-left item-st-default\">\r\n\t    <h4 class=\"item--title st-default \" data-wow-delay=\"ms\">\r\n                <span class=\"sp-main\">\r\n            \r\n            Branding &amp; Identit\u00e9 visuelle ..\r\n            \r\n                    <\/span>\r\n            <\/h4>\r\n<\/div>\t\t\t\t<\/div>\n\t\t\t\t<\/div>\n\t\t\t\t<div class=\"elementor-element elementor-element-8b735b8 elementor-widget elementor-widget-text-editor\" data-id=\"8b735b8\" data-element_type=\"widget\" data-e-type=\"widget\" data-widget_type=\"text-editor.default\">\n\t\t\t\t<div class=\"elementor-widget-container\">\n\t\t\t\t\t\t\t\t\t<p data-start=\"124\" data-end=\"362\">Nous cr\u00e9ons des identit\u00e9s de marque fortes et coh\u00e9rentes qui refl\u00e8tent l\u2019ADN et les valeurs de chaque projet. De la strat\u00e9gie \u00e0 la cr\u00e9ation visuelle, nous fa\u00e7onnons des univers m\u00e9morables et distinctifs.<\/p>\t\t\t\t\t\t\t\t<\/div>\n\t\t\t\t<\/div>\n\t\t\t\t<div class=\"elementor-element elementor-element-d64514d elementor-align-center elementor-widget elementor-widget-ct_button\" data-id=\"d64514d\" data-element_type=\"widget\" data-e-type=\"widget\" data-widget_type=\"ct_button.default\">\n\t\t\t\t<div class=\"elementor-widget-container\">\n\t\t\t\t\t<div class=\"ct-button-wrapper ct-button-layout1 icon- btn--inline \">\r\n            <span class=\"ct-icon-active\"><\/span>\r\n        <a href=\"https:\/\/mtfmyagency.com\/index.php\/contact-v-4\/\" class=\"btn btn-default icon-active btn-inline-block  \" data-wow-delay=\"ms\">\r\n                            <span class=\"ct-button-icon ct-align-icon-\">\r\n                            <\/span>\r\n                <span class=\"ct-button-text\">Contactez-nous aujourd&#039;hui<\/span>\r\n    <\/a>\r\n<\/div>\t\t\t\t<\/div>\n\t\t\t\t<\/div>\n\t\t            <\/div>\n        <\/div>\n                <div class=\"elementor-column elementor-col-33 elementor-top-column elementor-element elementor-element-d8e41f0 elementor-invisible\" data-id=\"d8e41f0\" data-element_type=\"column\" data-e-type=\"column\" data-settings=\"{&quot;animation&quot;:&quot;zoomIn&quot;,&quot;background_background&quot;:&quot;classic&quot;}\">\n        <div class=\"elementor-widget-wrap elementor-element-populated\">\n                    \n        \t\t<div class=\"elementor-element elementor-element-eec963c elementor-widget elementor-widget-image\" data-id=\"eec963c\" data-element_type=\"widget\" data-e-type=\"widget\" data-widget_type=\"image.default\">\n\t\t\t\t<div class=\"elementor-widget-container\">\n\t\t\t\t\t\t\t\t\t\t\t\t\t\t\t<img decoding=\"async\" width=\"555\" height=\"360\" src=\"https:\/\/mtfmyagency.com\/wp-content\/uploads\/2026\/01\/360_F_241427140_HC5NRu0kPrxUblHgi6NTbit7RjUcakCi.jpg\" class=\"attachment-large size-large wp-image-5963\" alt=\"\" srcset=\"https:\/\/mtfmyagency.com\/wp-content\/uploads\/2026\/01\/360_F_241427140_HC5NRu0kPrxUblHgi6NTbit7RjUcakCi.jpg 555w, https:\/\/mtfmyagency.com\/wp-content\/uploads\/2026\/01\/360_F_241427140_HC5NRu0kPrxUblHgi6NTbit7RjUcakCi-300x195.jpg 300w\" sizes=\"(max-width: 555px) 100vw, 555px\" \/>\t\t\t\t\t\t\t\t\t\t\t\t\t\t\t<\/div>\n\t\t\t\t<\/div>\n\t\t\t\t<div class=\"elementor-element elementor-element-f3d8a38 elementor-widget elementor-widget-ct_heading\" data-id=\"f3d8a38\" data-element_type=\"widget\" data-e-type=\"widget\" data-widget_type=\"ct_heading.default\">\n\t\t\t\t<div class=\"elementor-widget-container\">\n\t\t\t\t\t<div class=\"ct-heading h-align-center  sub-style1 ct-heading-left item-st-default\">\r\n\t    <h4 class=\"item--title st-default \" data-wow-delay=\"ms\">\r\n                <span class=\"sp-main\">\r\n            \r\n            Communication &amp; Marketing\r\n            \r\n                    <\/span>\r\n            <\/h4>\r\n<\/div>\t\t\t\t<\/div>\n\t\t\t\t<\/div>\n\t\t\t\t<div class=\"elementor-element elementor-element-3198ce5 elementor-widget elementor-widget-text-editor\" data-id=\"3198ce5\" data-element_type=\"widget\" data-e-type=\"widget\" data-widget_type=\"text-editor.default\">\n\t\t\t\t<div class=\"elementor-widget-container\">\n\t\t\t\t\t\t\t\t\t<p data-start=\"364\" data-end=\"599\">Nous d\u00e9veloppons des strat\u00e9gies de communication et marketing sur mesure pour renforcer la visibilit\u00e9 et l\u2019impact des marques. Chaque action est pens\u00e9e pour toucher la bonne audience avec le bon message.<\/p>\t\t\t\t\t\t\t\t<\/div>\n\t\t\t\t<\/div>\n\t\t\t\t<div class=\"elementor-element elementor-element-ee766e5 elementor-align-center elementor-widget elementor-widget-ct_button\" data-id=\"ee766e5\" data-element_type=\"widget\" data-e-type=\"widget\" data-widget_type=\"ct_button.default\">\n\t\t\t\t<div class=\"elementor-widget-container\">\n\t\t\t\t\t<div class=\"ct-button-wrapper ct-button-layout1 icon- btn--inline \">\r\n            <span class=\"ct-icon-active\"><\/span>\r\n        <a href=\"https:\/\/mtfmyagency.com\/index.php\/contact-v-4\/\" class=\"btn btn-default icon-active btn-inline-block  \" data-wow-delay=\"ms\">\r\n                            <span class=\"ct-button-icon ct-align-icon-\">\r\n                            <\/span>\r\n                <span class=\"ct-button-text\">Contactez-nous aujourd&#039;hui<\/span>\r\n    <\/a>\r\n<\/div>\t\t\t\t<\/div>\n\t\t\t\t<\/div>\n\t\t            <\/div>\n        <\/div>\n                <div class=\"elementor-column elementor-col-33 elementor-top-column elementor-element elementor-element-6c5bd36 elementor-invisible\" data-id=\"6c5bd36\" data-element_type=\"column\" data-e-type=\"column\" data-settings=\"{&quot;animation&quot;:&quot;zoomIn&quot;,&quot;background_background&quot;:&quot;classic&quot;}\">\n        <div class=\"elementor-widget-wrap elementor-element-populated\">\n                    \n        \t\t<div class=\"elementor-element elementor-element-f6e3b4e elementor-widget elementor-widget-image\" data-id=\"f6e3b4e\" data-element_type=\"widget\" data-e-type=\"widget\" data-widget_type=\"image.default\">\n\t\t\t\t<div class=\"elementor-widget-container\">\n\t\t\t\t\t\t\t\t\t\t\t\t\t\t\t<img decoding=\"async\" width=\"480\" height=\"320\" src=\"https:\/\/mtfmyagency.com\/wp-content\/uploads\/2026\/01\/i-2026-01-23T183115.512-1.webp\" class=\"attachment-large size-large wp-image-5818\" alt=\"\" srcset=\"https:\/\/mtfmyagency.com\/wp-content\/uploads\/2026\/01\/i-2026-01-23T183115.512-1.webp 480w, https:\/\/mtfmyagency.com\/wp-content\/uploads\/2026\/01\/i-2026-01-23T183115.512-1-300x200.webp 300w\" sizes=\"(max-width: 480px) 100vw, 480px\" \/>\t\t\t\t\t\t\t\t\t\t\t\t\t\t\t<\/div>\n\t\t\t\t<\/div>\n\t\t\t\t<div class=\"elementor-element elementor-element-702433d elementor-widget elementor-widget-ct_heading\" data-id=\"702433d\" data-element_type=\"widget\" data-e-type=\"widget\" data-widget_type=\"ct_heading.default\">\n\t\t\t\t<div class=\"elementor-widget-container\">\n\t\t\t\t\t<div class=\"ct-heading h-align-center  sub-style1 ct-heading-left item-st-default\">\r\n\t    <h4 class=\"item--title st-default \" data-wow-delay=\"ms\">\r\n                <span class=\"sp-main\">\r\n            \r\n            Communication digitale &amp; R\u00e9seaux sociaux\r\n            \r\n                    <\/span>\r\n            <\/h4>\r\n<\/div>\t\t\t\t<\/div>\n\t\t\t\t<\/div>\n\t\t\t\t<div class=\"elementor-element elementor-element-034a830 elementor-widget elementor-widget-text-editor\" data-id=\"034a830\" data-element_type=\"widget\" data-e-type=\"widget\" data-widget_type=\"text-editor.default\">\n\t\t\t\t<div class=\"elementor-widget-container\">\n\t\t\t\t\t\t\t\t\t<p data-start=\"601\" data-end=\"831\">Nous optimisons la pr\u00e9sence digitale des marques \u00e0 travers des contenus cr\u00e9atifs et engageants. Notre approche vise \u00e0 d\u00e9velopper la communaut\u00e9, l\u2019interaction et la notori\u00e9t\u00e9 en ligne.<\/p>\t\t\t\t\t\t\t\t<\/div>\n\t\t\t\t<\/div>\n\t\t\t\t<div class=\"elementor-element elementor-element-f88b5d1 elementor-align-center elementor-widget elementor-widget-ct_button\" data-id=\"f88b5d1\" data-element_type=\"widget\" data-e-type=\"widget\" data-widget_type=\"ct_button.default\">\n\t\t\t\t<div class=\"elementor-widget-container\">\n\t\t\t\t\t<div class=\"ct-button-wrapper ct-button-layout1 icon- btn--inline \">\r\n            <span class=\"ct-icon-active\"><\/span>\r\n        <a href=\"https:\/\/mtfmyagency.com\/index.php\/contact-v-4\/\" class=\"btn btn-default icon-active btn-inline-block  \" data-wow-delay=\"ms\">\r\n                            <span class=\"ct-button-icon ct-align-icon-\">\r\n                            <\/span>\r\n                <span class=\"ct-button-text\">Contactez-nous aujourd&#039;hui<\/span>\r\n    <\/a>\r\n<\/div>\t\t\t\t<\/div>\n\t\t\t\t<\/div>\n\t\t            <\/div>\n        <\/div>\n                    <\/div>\n        <\/section>\n                <section class=\"elementor-section elementor-top-section elementor-element elementor-element-8ac244c elementor-section-stretched elementor-section-boxed elementor-section-height-default elementor-section-height-default ct-header-fixed-none ct-row-max-none\" data-id=\"8ac244c\" data-element_type=\"section\" data-e-type=\"section\" data-settings=\"{&quot;stretch_section&quot;:&quot;section-stretched&quot;,&quot;background_background&quot;:&quot;classic&quot;}\">\n            \n                        <div class=\"elementor-container elementor-column-gap-narrow \">\n                    <div class=\"elementor-column elementor-col-50 elementor-top-column elementor-element elementor-element-708defd elementor-invisible\" data-id=\"708defd\" data-element_type=\"column\" data-e-type=\"column\" data-settings=\"{&quot;animation&quot;:&quot;zoomIn&quot;,&quot;background_background&quot;:&quot;classic&quot;}\">\n        <div class=\"elementor-widget-wrap elementor-element-populated\">\n                    \n        \t\t<div class=\"elementor-element elementor-element-8e0aeae elementor-widget elementor-widget-image\" data-id=\"8e0aeae\" data-element_type=\"widget\" data-e-type=\"widget\" data-widget_type=\"image.default\">\n\t\t\t\t<div class=\"elementor-widget-container\">\n\t\t\t\t\t\t\t\t\t\t\t\t\t\t\t<img loading=\"lazy\" decoding=\"async\" width=\"611\" height=\"360\" src=\"https:\/\/mtfmyagency.com\/wp-content\/uploads\/2026\/01\/360_F_241427079_YPsfKOyq3QWOO8Us3piQQQ8TWuNv7pvW.jpg\" class=\"attachment-large size-large wp-image-5964\" alt=\"\" srcset=\"https:\/\/mtfmyagency.com\/wp-content\/uploads\/2026\/01\/360_F_241427079_YPsfKOyq3QWOO8Us3piQQQ8TWuNv7pvW.jpg 611w, https:\/\/mtfmyagency.com\/wp-content\/uploads\/2026\/01\/360_F_241427079_YPsfKOyq3QWOO8Us3piQQQ8TWuNv7pvW-300x177.jpg 300w\" sizes=\"(max-width: 611px) 100vw, 611px\" \/>\t\t\t\t\t\t\t\t\t\t\t\t\t\t\t<\/div>\n\t\t\t\t<\/div>\n\t\t\t\t<div class=\"elementor-element elementor-element-58e4c14 elementor-widget elementor-widget-ct_heading\" data-id=\"58e4c14\" data-element_type=\"widget\" data-e-type=\"widget\" data-widget_type=\"ct_heading.default\">\n\t\t\t\t<div class=\"elementor-widget-container\">\n\t\t\t\t\t<div class=\"ct-heading h-align-center  sub-style1 ct-heading-left item-st-default\">\r\n\t    <h4 class=\"item--title st-default \" data-wow-delay=\"ms\">\r\n                <span class=\"sp-main\">\r\n            \r\n            Relations Publiques\r\n            \r\n                    <\/span>\r\n            <\/h4>\r\n<\/div>\t\t\t\t<\/div>\n\t\t\t\t<\/div>\n\t\t\t\t<div class=\"elementor-element elementor-element-e729ae6 elementor-widget elementor-widget-text-editor\" data-id=\"e729ae6\" data-element_type=\"widget\" data-e-type=\"widget\" data-widget_type=\"text-editor.default\">\n\t\t\t\t<div class=\"elementor-widget-container\">\n\t\t\t\t\t\t\t\t\t<p data-start=\"833\" data-end=\"1045\">Nous g\u00e9rons l\u2019image et la r\u00e9putation des marques aupr\u00e8s des m\u00e9dias et des partenaires strat\u00e9giques. Gr\u00e2ce \u00e0 une communication ma\u00eetris\u00e9e, nous assurons une visibilit\u00e9 cr\u00e9dible et durable.<\/p>\t\t\t\t\t\t\t\t<\/div>\n\t\t\t\t<\/div>\n\t\t\t\t<div class=\"elementor-element elementor-element-fd4fec8 elementor-align-center elementor-widget elementor-widget-ct_button\" data-id=\"fd4fec8\" data-element_type=\"widget\" data-e-type=\"widget\" data-widget_type=\"ct_button.default\">\n\t\t\t\t<div class=\"elementor-widget-container\">\n\t\t\t\t\t<div class=\"ct-button-wrapper ct-button-layout1 icon- btn--inline \">\r\n            <span class=\"ct-icon-active\"><\/span>\r\n        <a href=\"https:\/\/mtfmyagency.com\/index.php\/contact-v-4\/\" class=\"btn btn-default icon-active btn-inline-block  \" data-wow-delay=\"ms\">\r\n                            <span class=\"ct-button-icon ct-align-icon-\">\r\n                            <\/span>\r\n                <span class=\"ct-button-text\">Contactez-nous aujourd&#039;hui<\/span>\r\n    <\/a>\r\n<\/div>\t\t\t\t<\/div>\n\t\t\t\t<\/div>\n\t\t            <\/div>\n        <\/div>\n                <div class=\"elementor-column elementor-col-50 elementor-top-column elementor-element elementor-element-11663a1 elementor-invisible\" data-id=\"11663a1\" data-element_type=\"column\" data-e-type=\"column\" data-settings=\"{&quot;animation&quot;:&quot;zoomIn&quot;,&quot;background_background&quot;:&quot;classic&quot;}\">\n        <div class=\"elementor-widget-wrap elementor-element-populated\">\n                    \n        \t\t<div class=\"elementor-element elementor-element-b9ecaea elementor-widget elementor-widget-image\" data-id=\"b9ecaea\" data-element_type=\"widget\" data-e-type=\"widget\" data-widget_type=\"image.default\">\n\t\t\t\t<div class=\"elementor-widget-container\">\n\t\t\t\t\t\t\t\t\t\t\t\t\t\t\t<img loading=\"lazy\" decoding=\"async\" width=\"640\" height=\"436\" src=\"https:\/\/mtfmyagency.com\/wp-content\/uploads\/2026\/01\/shutterstock_1935414766.jpg\" class=\"attachment-large size-large wp-image-5965\" alt=\"\" srcset=\"https:\/\/mtfmyagency.com\/wp-content\/uploads\/2026\/01\/shutterstock_1935414766.jpg 1000w, https:\/\/mtfmyagency.com\/wp-content\/uploads\/2026\/01\/shutterstock_1935414766-300x204.jpg 300w, https:\/\/mtfmyagency.com\/wp-content\/uploads\/2026\/01\/shutterstock_1935414766-768x523.jpg 768w\" sizes=\"(max-width: 640px) 100vw, 640px\" \/>\t\t\t\t\t\t\t\t\t\t\t\t\t\t\t<\/div>\n\t\t\t\t<\/div>\n\t\t\t\t<div class=\"elementor-element elementor-element-11305b7 elementor-widget elementor-widget-ct_heading\" data-id=\"11305b7\" data-element_type=\"widget\" data-e-type=\"widget\" data-widget_type=\"ct_heading.default\">\n\t\t\t\t<div class=\"elementor-widget-container\">\n\t\t\t\t\t<div class=\"ct-heading h-align-center  sub-style1 ct-heading-left item-st-default\">\r\n\t    <h4 class=\"item--title st-default \" data-wow-delay=\"ms\">\r\n                <span class=\"sp-main\">\r\n            \r\n            \u00c9v\u00e9nementiel &amp; Projets Culturels\n\r\n            \r\n                    <\/span>\r\n            <\/h4>\r\n<\/div>\t\t\t\t<\/div>\n\t\t\t\t<\/div>\n\t\t\t\t<div class=\"elementor-element elementor-element-5c1793e elementor-widget elementor-widget-text-editor\" data-id=\"5c1793e\" data-element_type=\"widget\" data-e-type=\"widget\" data-widget_type=\"text-editor.default\">\n\t\t\t\t<div class=\"elementor-widget-container\">\n\t\t\t\t\t\t\t\t\t<p data-start=\"1047\" data-end=\"1260\">Nous concevons et r\u00e9alisons des \u00e9v\u00e9nements et projets culturels porteurs de sens et d\u2019\u00e9motion. Chaque exp\u00e9rience est pens\u00e9e pour marquer les esprits et valoriser les marques.<\/p>\t\t\t\t\t\t\t\t<\/div>\n\t\t\t\t<\/div>\n\t\t\t\t<div class=\"elementor-element elementor-element-41c9f21 elementor-align-center elementor-widget elementor-widget-ct_button\" data-id=\"41c9f21\" data-element_type=\"widget\" data-e-type=\"widget\" data-widget_type=\"ct_button.default\">\n\t\t\t\t<div class=\"elementor-widget-container\">\n\t\t\t\t\t<div class=\"ct-button-wrapper ct-button-layout1 icon- btn--inline \">\r\n            <span class=\"ct-icon-active\"><\/span>\r\n        <a href=\"https:\/\/mtfmyagency.com\/index.php\/contact-v-4\/\" class=\"btn btn-default icon-active btn-inline-block  \" data-wow-delay=\"ms\">\r\n                            <span class=\"ct-button-icon ct-align-icon-\">\r\n                            <\/span>\r\n                <span class=\"ct-button-text\">Contactez-nous aujourd&#039;hui<\/span>\r\n    <\/a>\r\n<\/div>\t\t\t\t<\/div>\n\t\t\t\t<\/div>\n\t\t            <\/div>\n        <\/div>\n                    <\/div>\n        <\/section>\n        \t\t<\/div>\n\t\t","protected":false},"excerpt":{"rendered":"<p>Branding &amp; Identit\u00e9 visuelle .. Nous cr\u00e9ons des identit\u00e9s de marque fortes et coh\u00e9rentes qui refl\u00e8tent l\u2019ADN et les valeurs de chaque projet. De la strat\u00e9gie \u00e0 la cr\u00e9ation visuelle, nous fa\u00e7onnons des univers m\u00e9morables et distinctifs. Contactez-nous aujourd&#039;hui Communication &amp; Marketing Nous d\u00e9veloppons des strat\u00e9gies de communication et marketing sur mesure pour renforcer la [&hellip;]<\/p>\n","protected":false},"author":2,"featured_media":0,"parent":0,"menu_order":0,"comment_status":"closed","ping_status":"closed","template":"","meta":{"footnotes":""},"class_list":["post-409","page","type-page","status-publish","hentry"],"_links":{"self":[{"href":"https:\/\/mtfmyagency.com\/index.php\/wp-json\/wp\/v2\/pages\/409","targetHints":{"allow":["GET"]}}],"collection":[{"href":"https:\/\/mtfmyagency.com\/index.php\/wp-json\/wp\/v2\/pages"}],"about":[{"href":"https:\/\/mtfmyagency.com\/index.php\/wp-json\/wp\/v2\/types\/page"}],"author":[{"embeddable":true,"href":"https:\/\/mtfmyagency.com\/index.php\/wp-json\/wp\/v2\/users\/2"}],"replies":[{"embeddable":true,"href":"https:\/\/mtfmyagency.com\/index.php\/wp-json\/wp\/v2\/comments?post=409"}],"version-history":[{"count":11,"href":"https:\/\/mtfmyagency.com\/index.php\/wp-json\/wp\/v2\/pages\/409\/revisions"}],"predecessor-version":[{"id":6110,"href":"https:\/\/mtfmyagency.com\/index.php\/wp-json\/wp\/v2\/pages\/409\/revisions\/6110"}],"wp:attachment":[{"href":"https:\/\/mtfmyagency.com\/index.php\/wp-json\/wp\/v2\/media?parent=409"}],"curies":[{"name":"wp","href":"https:\/\/api.w.org\/{rel}","templated":true}]}}