{"id":5918,"date":"2026-01-24T03:22:07","date_gmt":"2026-01-24T03:22:07","guid":{"rendered":"https:\/\/mtfmyagency.com\/?page_id=5918"},"modified":"2026-01-28T14:10:51","modified_gmt":"2026-01-28T14:10:51","slug":"projets","status":"publish","type":"page","link":"https:\/\/mtfmyagency.com\/index.php\/projets\/","title":{"rendered":"Projets"},"content":{"rendered":"\t\t<div data-elementor-type=\"wp-page\" data-elementor-id=\"5918\" class=\"elementor elementor-5918\" data-elementor-post-type=\"page\">\n\t\t\t\t        <section class=\"elementor-section elementor-top-section elementor-element elementor-element-634e588 elementor-section-stretched elementor-section-boxed elementor-section-height-default elementor-section-height-default ct-header-fixed-none ct-row-max-none\" data-id=\"634e588\" data-element_type=\"section\" data-e-type=\"section\" data-settings=\"{&quot;stretch_section&quot;:&quot;section-stretched&quot;,&quot;background_background&quot;:&quot;classic&quot;}\">\n                            <div class=\"elementor-background-overlay\"><\/div>\n                \n                        <div class=\"elementor-container elementor-column-gap-narrow \">\n                    <div class=\"elementor-column elementor-col-100 elementor-top-column elementor-element elementor-element-13fe509\" data-id=\"13fe509\" data-element_type=\"column\" data-e-type=\"column\">\n        <div class=\"elementor-widget-wrap elementor-element-populated\">\n                    \n                <section class=\"elementor-section elementor-inner-section elementor-element elementor-element-5acb64e elementor-section-boxed elementor-section-height-default elementor-section-height-default ct-header-fixed-none ct-row-max-none\" data-id=\"5acb64e\" data-element_type=\"section\" data-e-type=\"section\">\n            \n                        <div class=\"elementor-container elementor-column-gap-default \">\n                    <div class=\"elementor-column elementor-col-50 elementor-inner-column elementor-element elementor-element-586fca5\" data-id=\"586fca5\" data-element_type=\"column\" data-e-type=\"column\">\n        <div class=\"elementor-widget-wrap elementor-element-populated\">\n                    \n        \t\t<div class=\"elementor-element elementor-element-054612c elementor-widget elementor-widget-image\" data-id=\"054612c\" data-element_type=\"widget\" data-e-type=\"widget\" data-widget_type=\"image.default\">\n\t\t\t\t<div class=\"elementor-widget-container\">\n\t\t\t\t\t\t\t\t\t\t\t\t\t\t\t<img fetchpriority=\"high\" decoding=\"async\" width=\"640\" height=\"640\" src=\"https:\/\/mtfmyagency.com\/wp-content\/uploads\/2026\/01\/WhatsApp-Image-2026-01-24-at-11.08.12-PM.jpeg\" class=\"attachment-large size-large wp-image-5991\" alt=\"\" srcset=\"https:\/\/mtfmyagency.com\/wp-content\/uploads\/2026\/01\/WhatsApp-Image-2026-01-24-at-11.08.12-PM.jpeg 1000w, https:\/\/mtfmyagency.com\/wp-content\/uploads\/2026\/01\/WhatsApp-Image-2026-01-24-at-11.08.12-PM-300x300.jpeg 300w, https:\/\/mtfmyagency.com\/wp-content\/uploads\/2026\/01\/WhatsApp-Image-2026-01-24-at-11.08.12-PM-150x150.jpeg 150w, https:\/\/mtfmyagency.com\/wp-content\/uploads\/2026\/01\/WhatsApp-Image-2026-01-24-at-11.08.12-PM-768x768.jpeg 768w\" sizes=\"(max-width: 640px) 100vw, 640px\" \/>\t\t\t\t\t\t\t\t\t\t\t\t\t\t\t<\/div>\n\t\t\t\t<\/div>\n\t\t\t\t<div class=\"elementor-element elementor-element-a1a705a elementor-widget elementor-widget-ct_heading\" data-id=\"a1a705a\" data-element_type=\"widget\" data-e-type=\"widget\" data-widget_type=\"ct_heading.default\">\n\t\t\t\t<div class=\"elementor-widget-container\">\n\t\t\t\t\t<div class=\"ct-heading h-align-  sub-style8 ct-heading-left item-st-default\">\r\n\t    <h3 class=\"item--title st-default \" data-wow-delay=\"ms\">\r\n                <span class=\"sp-main\">\r\n            \r\n            New Era Festival - Afrolove Edition \r\n            \r\n                    <\/span>\r\n            <\/h3>\r\n<\/div>\t\t\t\t<\/div>\n\t\t\t\t<\/div>\n\t\t\t\t<div class=\"elementor-element elementor-element-77d9198 elementor-widget elementor-widget-text-editor\" data-id=\"77d9198\" data-element_type=\"widget\" data-e-type=\"widget\" data-widget_type=\"text-editor.default\">\n\t\t\t\t<div class=\"elementor-widget-container\">\n\t\t\t\t\t\t\t\t\t<p>Un festival imagin\u00e9 par MTF Agency pour c\u00e9l\u00e9brer l\u2019amour sous toutes ses formes , la cr\u00e9ativit\u00e9, la culture africaine \u00e0 travers des exp\u00e9riences artistiques et \u00e9motionnelles fortes.<\/p>\t\t\t\t\t\t\t\t<\/div>\n\t\t\t\t<\/div>\n\t\t            <\/div>\n        <\/div>\n                <div class=\"elementor-column elementor-col-50 elementor-inner-column elementor-element elementor-element-2da2166\" data-id=\"2da2166\" data-element_type=\"column\" data-e-type=\"column\">\n        <div class=\"elementor-widget-wrap elementor-element-populated\">\n                    \n        \t\t<div class=\"elementor-element elementor-element-cdbcd99 elementor-widget elementor-widget-image\" data-id=\"cdbcd99\" data-element_type=\"widget\" data-e-type=\"widget\" data-widget_type=\"image.default\">\n\t\t\t\t<div class=\"elementor-widget-container\">\n\t\t\t\t\t\t\t\t\t\t\t\t\t\t\t<img decoding=\"async\" width=\"640\" height=\"427\" src=\"https:\/\/mtfmyagency.com\/wp-content\/uploads\/2026\/01\/64413085-4FAF-4145-8932-8C54B2935F07-1024x683.jpg\" class=\"attachment-large size-large wp-image-6001\" alt=\"\" srcset=\"https:\/\/mtfmyagency.com\/wp-content\/uploads\/2026\/01\/64413085-4FAF-4145-8932-8C54B2935F07-1024x683.jpg 1024w, https:\/\/mtfmyagency.com\/wp-content\/uploads\/2026\/01\/64413085-4FAF-4145-8932-8C54B2935F07-300x200.jpg 300w, https:\/\/mtfmyagency.com\/wp-content\/uploads\/2026\/01\/64413085-4FAF-4145-8932-8C54B2935F07-768x512.jpg 768w, https:\/\/mtfmyagency.com\/wp-content\/uploads\/2026\/01\/64413085-4FAF-4145-8932-8C54B2935F07.jpg 1536w\" sizes=\"(max-width: 640px) 100vw, 640px\" \/>\t\t\t\t\t\t\t\t\t\t\t\t\t\t\t<\/div>\n\t\t\t\t<\/div>\n\t\t            <\/div>\n        <\/div>\n                    <\/div>\n        <\/section>\n                    <\/div>\n        <\/div>\n                    <\/div>\n        <\/section>\n                <section class=\"elementor-section elementor-top-section elementor-element elementor-element-9bbdbeb elementor-section-stretched elementor-section-boxed elementor-section-height-default elementor-section-height-default ct-header-fixed-none ct-row-max-none\" data-id=\"9bbdbeb\" data-element_type=\"section\" data-e-type=\"section\" data-settings=\"{&quot;stretch_section&quot;:&quot;section-stretched&quot;,&quot;background_background&quot;:&quot;classic&quot;}\">\n                            <div class=\"elementor-background-overlay\"><\/div>\n                \n                        <div class=\"elementor-container elementor-column-gap-narrow \">\n                    <div class=\"elementor-column elementor-col-100 elementor-top-column elementor-element elementor-element-3c8ac8a\" data-id=\"3c8ac8a\" data-element_type=\"column\" data-e-type=\"column\">\n        <div class=\"elementor-widget-wrap elementor-element-populated\">\n                    \n                <section class=\"elementor-section elementor-inner-section elementor-element elementor-element-b9ddf2d elementor-section-boxed elementor-section-height-default elementor-section-height-default ct-header-fixed-none ct-row-max-none\" data-id=\"b9ddf2d\" data-element_type=\"section\" data-e-type=\"section\">\n            \n                        <div class=\"elementor-container elementor-column-gap-default \">\n                    <div class=\"elementor-column elementor-col-50 elementor-inner-column elementor-element elementor-element-2b7cab9\" data-id=\"2b7cab9\" data-element_type=\"column\" data-e-type=\"column\">\n        <div class=\"elementor-widget-wrap elementor-element-populated\">\n                    \n        \t\t<div class=\"elementor-element elementor-element-855d448 elementor-widget elementor-widget-ct_heading\" data-id=\"855d448\" data-element_type=\"widget\" data-e-type=\"widget\" data-widget_type=\"ct_heading.default\">\n\t\t\t\t<div class=\"elementor-widget-container\">\n\t\t\t\t\t<div class=\"ct-heading h-align-  sub-style8 ct-heading-left item-st-default\">\r\n\t    <h3 class=\"item--title st-default \" data-wow-delay=\"ms\">\r\n                <span class=\"sp-main\">\r\n            \r\n            Her Rise, Her Voice Summit\r\n            \r\n                    <\/span>\r\n            <\/h3>\r\n<\/div>\t\t\t\t<\/div>\n\t\t\t\t<\/div>\n\t\t\t\t<div class=\"elementor-element elementor-element-a7f605b elementor-widget elementor-widget-text-editor\" data-id=\"a7f605b\" data-element_type=\"widget\" data-e-type=\"widget\" data-widget_type=\"text-editor.default\">\n\t\t\t\t<div class=\"elementor-widget-container\">\n\t\t\t\t\t\t\t\t\t<p>Her Rise, Her Voice Summit est un sommet d\u00e9di\u00e9 au leadership, \u00e0 l\u2019\u00e9l\u00e9vation personnelle et \u00e0 l\u2019autonomisation des femmes.<br \/>\u00c0 travers des panels inspirants et des \u00e9changes de haut niveau, il r\u00e9unit des femmes de tous secteurs pour renforcer leur confiance, affirmer leur voix et impacter positivement leur environnement.<\/p>\t\t\t\t\t\t\t\t<\/div>\n\t\t\t\t<\/div>\n\t\t            <\/div>\n        <\/div>\n                <div class=\"elementor-column elementor-col-50 elementor-inner-column elementor-element elementor-element-25b359f\" data-id=\"25b359f\" data-element_type=\"column\" data-e-type=\"column\">\n        <div class=\"elementor-widget-wrap elementor-element-populated\">\n                    \n        \t\t<div class=\"elementor-element elementor-element-3573128 elementor-widget elementor-widget-image\" data-id=\"3573128\" data-element_type=\"widget\" data-e-type=\"widget\" data-widget_type=\"image.default\">\n\t\t\t\t<div class=\"elementor-widget-container\">\n\t\t\t\t\t\t\t\t\t\t\t\t\t\t\t<img decoding=\"async\" width=\"640\" height=\"427\" src=\"https:\/\/mtfmyagency.com\/wp-content\/uploads\/2026\/01\/WhatsApp-Image-2026-01-28-at-2.05.15-AM-1024x683.jpeg\" class=\"attachment-large size-large wp-image-6076\" alt=\"\" srcset=\"https:\/\/mtfmyagency.com\/wp-content\/uploads\/2026\/01\/WhatsApp-Image-2026-01-28-at-2.05.15-AM-1024x683.jpeg 1024w, https:\/\/mtfmyagency.com\/wp-content\/uploads\/2026\/01\/WhatsApp-Image-2026-01-28-at-2.05.15-AM-300x200.jpeg 300w, https:\/\/mtfmyagency.com\/wp-content\/uploads\/2026\/01\/WhatsApp-Image-2026-01-28-at-2.05.15-AM-768x512.jpeg 768w, https:\/\/mtfmyagency.com\/wp-content\/uploads\/2026\/01\/WhatsApp-Image-2026-01-28-at-2.05.15-AM.jpeg 1536w\" sizes=\"(max-width: 640px) 100vw, 640px\" \/>\t\t\t\t\t\t\t\t\t\t\t\t\t\t\t<\/div>\n\t\t\t\t<\/div>\n\t\t            <\/div>\n        <\/div>\n                    <\/div>\n        <\/section>\n                    <\/div>\n        <\/div>\n                    <\/div>\n        <\/section>\n        \t\t<\/div>\n\t\t","protected":false},"excerpt":{"rendered":"<p>New Era Festival &#8211; Afrolove Edition Un festival imagin\u00e9 par MTF Agency pour c\u00e9l\u00e9brer l\u2019amour sous toutes ses formes , la cr\u00e9ativit\u00e9, la culture africaine \u00e0 travers des exp\u00e9riences artistiques et \u00e9motionnelles fortes. Her Rise, Her Voice Summit Her Rise, Her Voice Summit est un sommet d\u00e9di\u00e9 au leadership, \u00e0 l\u2019\u00e9l\u00e9vation personnelle et \u00e0 l\u2019autonomisation [&hellip;]<\/p>\n","protected":false},"author":2,"featured_media":0,"parent":0,"menu_order":0,"comment_status":"closed","ping_status":"closed","template":"","meta":{"footnotes":""},"class_list":["post-5918","page","type-page","status-publish","hentry"],"_links":{"self":[{"href":"https:\/\/mtfmyagency.com\/index.php\/wp-json\/wp\/v2\/pages\/5918","targetHints":{"allow":["GET"]}}],"collection":[{"href":"https:\/\/mtfmyagency.com\/index.php\/wp-json\/wp\/v2\/pages"}],"about":[{"href":"https:\/\/mtfmyagency.com\/index.php\/wp-json\/wp\/v2\/types\/page"}],"author":[{"embeddable":true,"href":"https:\/\/mtfmyagency.com\/index.php\/wp-json\/wp\/v2\/users\/2"}],"replies":[{"embeddable":true,"href":"https:\/\/mtfmyagency.com\/index.php\/wp-json\/wp\/v2\/comments?post=5918"}],"version-history":[{"count":17,"href":"https:\/\/mtfmyagency.com\/index.php\/wp-json\/wp\/v2\/pages\/5918\/revisions"}],"predecessor-version":[{"id":6103,"href":"https:\/\/mtfmyagency.com\/index.php\/wp-json\/wp\/v2\/pages\/5918\/revisions\/6103"}],"wp:attachment":[{"href":"https:\/\/mtfmyagency.com\/index.php\/wp-json\/wp\/v2\/media?parent=5918"}],"curies":[{"name":"wp","href":"https:\/\/api.w.org\/{rel}","templated":true}]}}