{"id":6087,"date":"2026-01-28T14:16:14","date_gmt":"2026-01-28T14:16:14","guid":{"rendered":"https:\/\/mtfmyagency.com\/?page_id=6087"},"modified":"2026-02-02T06:01:00","modified_gmt":"2026-02-02T06:01:00","slug":"new-era-festival-afrolove-edition","status":"publish","type":"page","link":"https:\/\/mtfmyagency.com\/index.php\/new-era-festival-afrolove-edition\/","title":{"rendered":"New Era Festival"},"content":{"rendered":"\t\t<div data-elementor-type=\"wp-page\" data-elementor-id=\"6087\" class=\"elementor elementor-6087\" data-elementor-post-type=\"page\">\n\t\t\t\t        <section class=\"elementor-section elementor-top-section elementor-element elementor-element-da41594 elementor-section-stretched elementor-section-boxed elementor-section-height-default elementor-section-height-default ct-header-fixed-none ct-row-max-none\" data-id=\"da41594\" data-element_type=\"section\" data-e-type=\"section\" data-settings=\"{&quot;stretch_section&quot;:&quot;section-stretched&quot;,&quot;background_background&quot;:&quot;classic&quot;}\">\n                            <div class=\"elementor-background-overlay\"><\/div>\n                \n                        <div class=\"elementor-container elementor-column-gap-narrow \">\n                    <div class=\"elementor-column elementor-col-100 elementor-top-column elementor-element elementor-element-4792844\" data-id=\"4792844\" data-element_type=\"column\" data-e-type=\"column\">\n        <div class=\"elementor-widget-wrap elementor-element-populated\">\n                    \n                <section class=\"elementor-section elementor-inner-section elementor-element elementor-element-e392f2f elementor-section-boxed elementor-section-height-default elementor-section-height-default ct-header-fixed-none ct-row-max-none\" data-id=\"e392f2f\" data-element_type=\"section\" data-e-type=\"section\">\n            \n                        <div class=\"elementor-container elementor-column-gap-default \">\n                    <div class=\"elementor-column elementor-col-50 elementor-inner-column elementor-element elementor-element-ff07dba\" data-id=\"ff07dba\" data-element_type=\"column\" data-e-type=\"column\">\n        <div class=\"elementor-widget-wrap elementor-element-populated\">\n                    \n        \t\t<div class=\"elementor-element elementor-element-b54bcac elementor-widget elementor-widget-image\" data-id=\"b54bcac\" data-element_type=\"widget\" data-e-type=\"widget\" data-widget_type=\"image.default\">\n\t\t\t\t<div class=\"elementor-widget-container\">\n\t\t\t\t\t\t\t\t\t\t\t\t\t\t\t<img fetchpriority=\"high\" decoding=\"async\" width=\"640\" height=\"640\" src=\"https:\/\/mtfmyagency.com\/wp-content\/uploads\/2026\/01\/WhatsApp-Image-2026-01-24-at-11.08.12-PM.jpeg\" class=\"attachment-large size-large wp-image-5991\" alt=\"\" srcset=\"https:\/\/mtfmyagency.com\/wp-content\/uploads\/2026\/01\/WhatsApp-Image-2026-01-24-at-11.08.12-PM.jpeg 1000w, https:\/\/mtfmyagency.com\/wp-content\/uploads\/2026\/01\/WhatsApp-Image-2026-01-24-at-11.08.12-PM-300x300.jpeg 300w, https:\/\/mtfmyagency.com\/wp-content\/uploads\/2026\/01\/WhatsApp-Image-2026-01-24-at-11.08.12-PM-150x150.jpeg 150w, https:\/\/mtfmyagency.com\/wp-content\/uploads\/2026\/01\/WhatsApp-Image-2026-01-24-at-11.08.12-PM-768x768.jpeg 768w\" sizes=\"(max-width: 640px) 100vw, 640px\" \/>\t\t\t\t\t\t\t\t\t\t\t\t\t\t\t<\/div>\n\t\t\t\t<\/div>\n\t\t\t\t<div class=\"elementor-element elementor-element-5af01e4 elementor-widget elementor-widget-ct_heading\" data-id=\"5af01e4\" data-element_type=\"widget\" data-e-type=\"widget\" data-widget_type=\"ct_heading.default\">\n\t\t\t\t<div class=\"elementor-widget-container\">\n\t\t\t\t\t<div class=\"ct-heading h-align-  sub-style8 ct-heading-left item-st-default\">\r\n\t    <h3 class=\"item--title st-default \" data-wow-delay=\"ms\">\r\n                <span class=\"sp-main\">\r\n            \r\n            New Era Festival - Afrolove Edition \r\n            \r\n                    <\/span>\r\n            <\/h3>\r\n<\/div>\t\t\t\t<\/div>\n\t\t\t\t<\/div>\n\t\t\t\t<div class=\"elementor-element elementor-element-9121856 elementor-widget elementor-widget-text-editor\" data-id=\"9121856\" data-element_type=\"widget\" data-e-type=\"widget\" data-widget_type=\"text-editor.default\">\n\t\t\t\t<div class=\"elementor-widget-container\">\n\t\t\t\t\t\t\t\t\t<p>Un festival imagin\u00e9 par MTF Agency pour c\u00e9l\u00e9brer l\u2019amour sous toutes ses formes , la cr\u00e9ativit\u00e9, la culture africaine \u00e0 travers des exp\u00e9riences artistiques et \u00e9motionnelles fortes.<\/p>\t\t\t\t\t\t\t\t<\/div>\n\t\t\t\t<\/div>\n\t\t            <\/div>\n        <\/div>\n                <div class=\"elementor-column elementor-col-50 elementor-inner-column elementor-element elementor-element-7f29e57\" data-id=\"7f29e57\" data-element_type=\"column\" data-e-type=\"column\">\n        <div class=\"elementor-widget-wrap elementor-element-populated\">\n                    \n        \t\t<div class=\"elementor-element elementor-element-4d88d74 elementor-widget elementor-widget-image\" data-id=\"4d88d74\" data-element_type=\"widget\" data-e-type=\"widget\" data-widget_type=\"image.default\">\n\t\t\t\t<div class=\"elementor-widget-container\">\n\t\t\t\t\t\t\t\t\t\t\t\t\t\t\t<img decoding=\"async\" width=\"640\" height=\"427\" src=\"https:\/\/mtfmyagency.com\/wp-content\/uploads\/2026\/01\/64413085-4FAF-4145-8932-8C54B2935F07-1024x683.jpg\" class=\"attachment-large size-large wp-image-6001\" alt=\"\" srcset=\"https:\/\/mtfmyagency.com\/wp-content\/uploads\/2026\/01\/64413085-4FAF-4145-8932-8C54B2935F07-1024x683.jpg 1024w, https:\/\/mtfmyagency.com\/wp-content\/uploads\/2026\/01\/64413085-4FAF-4145-8932-8C54B2935F07-300x200.jpg 300w, https:\/\/mtfmyagency.com\/wp-content\/uploads\/2026\/01\/64413085-4FAF-4145-8932-8C54B2935F07-768x512.jpg 768w, https:\/\/mtfmyagency.com\/wp-content\/uploads\/2026\/01\/64413085-4FAF-4145-8932-8C54B2935F07.jpg 1536w\" sizes=\"(max-width: 640px) 100vw, 640px\" \/>\t\t\t\t\t\t\t\t\t\t\t\t\t\t\t<\/div>\n\t\t\t\t<\/div>\n\t\t            <\/div>\n        <\/div>\n                    <\/div>\n        <\/section>\n                    <\/div>\n        <\/div>\n                    <\/div>\n        <\/section>\n        \t\t<\/div>\n\t\t","protected":false},"excerpt":{"rendered":"<p>New Era Festival &#8211; Afrolove Edition Un festival imagin\u00e9 par MTF Agency pour c\u00e9l\u00e9brer l\u2019amour sous toutes ses formes , la cr\u00e9ativit\u00e9, la culture africaine \u00e0 travers des exp\u00e9riences artistiques et \u00e9motionnelles fortes.<\/p>\n","protected":false},"author":2,"featured_media":0,"parent":0,"menu_order":0,"comment_status":"closed","ping_status":"closed","template":"","meta":{"footnotes":""},"class_list":["post-6087","page","type-page","status-publish","hentry"],"_links":{"self":[{"href":"https:\/\/mtfmyagency.com\/index.php\/wp-json\/wp\/v2\/pages\/6087","targetHints":{"allow":["GET"]}}],"collection":[{"href":"https:\/\/mtfmyagency.com\/index.php\/wp-json\/wp\/v2\/pages"}],"about":[{"href":"https:\/\/mtfmyagency.com\/index.php\/wp-json\/wp\/v2\/types\/page"}],"author":[{"embeddable":true,"href":"https:\/\/mtfmyagency.com\/index.php\/wp-json\/wp\/v2\/users\/2"}],"replies":[{"embeddable":true,"href":"https:\/\/mtfmyagency.com\/index.php\/wp-json\/wp\/v2\/comments?post=6087"}],"version-history":[{"count":12,"href":"https:\/\/mtfmyagency.com\/index.php\/wp-json\/wp\/v2\/pages\/6087\/revisions"}],"predecessor-version":[{"id":6118,"href":"https:\/\/mtfmyagency.com\/index.php\/wp-json\/wp\/v2\/pages\/6087\/revisions\/6118"}],"wp:attachment":[{"href":"https:\/\/mtfmyagency.com\/index.php\/wp-json\/wp\/v2\/media?parent=6087"}],"curies":[{"name":"wp","href":"https:\/\/api.w.org\/{rel}","templated":true}]}}