{"id":6088,"date":"2026-01-28T14:16:21","date_gmt":"2026-01-28T14:16:21","guid":{"rendered":"https:\/\/mtfmyagency.com\/?page_id=6088"},"modified":"2026-03-15T18:21:01","modified_gmt":"2026-03-15T18:21:01","slug":"her-rise-her-voice-summit","status":"publish","type":"page","link":"https:\/\/mtfmyagency.com\/index.php\/her-rise-her-voice-summit\/","title":{"rendered":"Her Rise, Her Voice Summit"},"content":{"rendered":"\t\t<div data-elementor-type=\"wp-page\" data-elementor-id=\"6088\" class=\"elementor elementor-6088\" data-elementor-post-type=\"page\">\n\t\t\t\t        <section class=\"elementor-section elementor-top-section elementor-element elementor-element-f9f5345 elementor-section-stretched elementor-section-boxed elementor-section-height-default elementor-section-height-default ct-header-fixed-none ct-row-max-none\" data-id=\"f9f5345\" data-element_type=\"section\" data-e-type=\"section\" data-settings=\"{&quot;stretch_section&quot;:&quot;section-stretched&quot;,&quot;background_background&quot;:&quot;classic&quot;}\">\n                            <div class=\"elementor-background-overlay\"><\/div>\n                \n                        <div class=\"elementor-container elementor-column-gap-narrow \">\n                    <div class=\"elementor-column elementor-col-100 elementor-top-column elementor-element elementor-element-6543159\" data-id=\"6543159\" data-element_type=\"column\" data-e-type=\"column\">\n        <div class=\"elementor-widget-wrap elementor-element-populated\">\n                    \n                <section class=\"elementor-section elementor-inner-section elementor-element elementor-element-eaf216f elementor-section-boxed elementor-section-height-default elementor-section-height-default ct-header-fixed-none ct-row-max-none\" data-id=\"eaf216f\" data-element_type=\"section\" data-e-type=\"section\">\n            \n                        <div class=\"elementor-container elementor-column-gap-default \">\n                    <div class=\"elementor-column elementor-col-50 elementor-inner-column elementor-element elementor-element-aaf0397\" data-id=\"aaf0397\" data-element_type=\"column\" data-e-type=\"column\">\n        <div class=\"elementor-widget-wrap elementor-element-populated\">\n                    \n        \t\t<div class=\"elementor-element elementor-element-0d62192 elementor-widget elementor-widget-ct_heading\" data-id=\"0d62192\" data-element_type=\"widget\" data-e-type=\"widget\" data-widget_type=\"ct_heading.default\">\n\t\t\t\t<div class=\"elementor-widget-container\">\n\t\t\t\t\t<div class=\"ct-heading h-align-  sub-style8 ct-heading-left item-st-default\">\r\n\t    <h3 class=\"item--title st-default \" data-wow-delay=\"ms\">\r\n                <span class=\"sp-main\">\r\n            \r\n            Her Rise, Her Voice Summit\r\n            \r\n                    <\/span>\r\n            <\/h3>\r\n<\/div>\t\t\t\t<\/div>\n\t\t\t\t<\/div>\n\t\t\t\t<div class=\"elementor-element elementor-element-99296e4 elementor-widget elementor-widget-text-editor\" data-id=\"99296e4\" data-element_type=\"widget\" data-e-type=\"widget\" data-widget_type=\"text-editor.default\">\n\t\t\t\t<div class=\"elementor-widget-container\">\n\t\t\t\t\t\t\t\t\t<p>HER RISE \u2013 HER VOICE est le rendez-vous annuel d\u00e9di\u00e9 au leadership f\u00e9minin et \u00e0 l\u2019autonomisation des femmes. L\u2019\u00e9v\u00e9nement r\u00e9unit des professionnelles, leaders et actrices de changement autour d\u2019\u00e9changes inspirants et constructifs.<\/p><p>Organis\u00e9 par MTF Agency, le sommet se tiendra le 28 mars \u00e0 Elite Office \u00e0 Douala. Il proposera plusieurs panels de discussion autour de th\u00e9matiques cl\u00e9s telles que les droits des femmes, la sant\u00e9 f\u00e9minine, la sant\u00e9 mentale, le leadership, l\u2019entrepreneuriat et l\u2019impact des femmes dans la soci\u00e9t\u00e9.<\/p>\t\t\t\t\t\t\t\t<\/div>\n\t\t\t\t<\/div>\n\t\t\t\t<div class=\"elementor-element elementor-element-c8ea75b elementor-widget elementor-widget-ct_image\" data-id=\"c8ea75b\" data-element_type=\"widget\" data-e-type=\"widget\" data-widget_type=\"ct_image.default\">\n\t\t\t\t<div class=\"elementor-widget-container\">\n\t\t\t\t\t<div class=\"ct-image-single  \">\r\n                        <img fetchpriority=\"high\" decoding=\"async\" width=\"1000\" height=\"1004\" src=\"https:\/\/mtfmyagency.com\/wp-content\/uploads\/2026\/03\/IMG_6159.png\" class=\"attachment-full\" alt=\"\" \/>            <\/div>\t\t\t\t<\/div>\n\t\t\t\t<\/div>\n\t\t\t\t<div class=\"elementor-element elementor-element-e4b8c57 elementor-widget elementor-widget-ct_image\" data-id=\"e4b8c57\" data-element_type=\"widget\" data-e-type=\"widget\" data-widget_type=\"ct_image.default\">\n\t\t\t\t<div class=\"elementor-widget-container\">\n\t\t\t\t\t<div class=\"ct-image-single  \">\r\n                        <img decoding=\"async\" width=\"1000\" height=\"1004\" src=\"https:\/\/mtfmyagency.com\/wp-content\/uploads\/2026\/03\/IMG_6161.png\" class=\"attachment-full\" alt=\"\" \/>            <\/div>\t\t\t\t<\/div>\n\t\t\t\t<\/div>\n\t\t            <\/div>\n        <\/div>\n                <div class=\"elementor-column elementor-col-50 elementor-inner-column elementor-element elementor-element-1baca72\" data-id=\"1baca72\" data-element_type=\"column\" data-e-type=\"column\">\n        <div class=\"elementor-widget-wrap\">\n                    \n                    <\/div>\n        <\/div>\n                    <\/div>\n        <\/section>\n        \t\t<div class=\"elementor-element elementor-element-4d6bab9 elementor-widget elementor-widget-image\" data-id=\"4d6bab9\" data-element_type=\"widget\" data-e-type=\"widget\" data-widget_type=\"image.default\">\n\t\t\t\t<div class=\"elementor-widget-container\">\n\t\t\t\t\t\t\t\t\t\t\t\t\t\t\t<img decoding=\"async\" width=\"640\" height=\"643\" src=\"https:\/\/mtfmyagency.com\/wp-content\/uploads\/2026\/03\/IMG_6142.png\" class=\"attachment-large size-large wp-image-6124\" alt=\"\" srcset=\"https:\/\/mtfmyagency.com\/wp-content\/uploads\/2026\/03\/IMG_6142.png 1000w, https:\/\/mtfmyagency.com\/wp-content\/uploads\/2026\/03\/IMG_6142-300x300.png 300w, https:\/\/mtfmyagency.com\/wp-content\/uploads\/2026\/03\/IMG_6142-150x150.png 150w, https:\/\/mtfmyagency.com\/wp-content\/uploads\/2026\/03\/IMG_6142-768x771.png 768w\" sizes=\"(max-width: 640px) 100vw, 640px\" \/>\t\t\t\t\t\t\t\t\t\t\t\t\t\t\t<\/div>\n\t\t\t\t<\/div>\n\t\t            <\/div>\n        <\/div>\n                    <\/div>\n        <\/section>\n        \t\t<\/div>\n\t\t","protected":false},"excerpt":{"rendered":"<p>Her Rise, Her Voice Summit HER RISE \u2013 HER VOICE est le rendez-vous annuel d\u00e9di\u00e9 au leadership f\u00e9minin et \u00e0 l\u2019autonomisation des femmes. L\u2019\u00e9v\u00e9nement r\u00e9unit des professionnelles, leaders et actrices de changement autour d\u2019\u00e9changes inspirants et constructifs. Organis\u00e9 par MTF Agency, le sommet se tiendra le 28 mars \u00e0 Elite Office \u00e0 Douala. Il proposera [&hellip;]<\/p>\n","protected":false},"author":2,"featured_media":0,"parent":0,"menu_order":0,"comment_status":"closed","ping_status":"closed","template":"","meta":{"footnotes":""},"class_list":["post-6088","page","type-page","status-publish","hentry"],"_links":{"self":[{"href":"https:\/\/mtfmyagency.com\/index.php\/wp-json\/wp\/v2\/pages\/6088","targetHints":{"allow":["GET"]}}],"collection":[{"href":"https:\/\/mtfmyagency.com\/index.php\/wp-json\/wp\/v2\/pages"}],"about":[{"href":"https:\/\/mtfmyagency.com\/index.php\/wp-json\/wp\/v2\/types\/page"}],"author":[{"embeddable":true,"href":"https:\/\/mtfmyagency.com\/index.php\/wp-json\/wp\/v2\/users\/2"}],"replies":[{"embeddable":true,"href":"https:\/\/mtfmyagency.com\/index.php\/wp-json\/wp\/v2\/comments?post=6088"}],"version-history":[{"count":10,"href":"https:\/\/mtfmyagency.com\/index.php\/wp-json\/wp\/v2\/pages\/6088\/revisions"}],"predecessor-version":[{"id":6130,"href":"https:\/\/mtfmyagency.com\/index.php\/wp-json\/wp\/v2\/pages\/6088\/revisions\/6130"}],"wp:attachment":[{"href":"https:\/\/mtfmyagency.com\/index.php\/wp-json\/wp\/v2\/media?parent=6088"}],"curies":[{"name":"wp","href":"https:\/\/api.w.org\/{rel}","templated":true}]}}